{"id":2564,"date":"2020-05-20T07:44:17","date_gmt":"2020-05-20T05:44:17","guid":{"rendered":"http:\/\/localhost\/test\/?page_id=2564"},"modified":"2021-02-23T20:43:41","modified_gmt":"2021-02-23T19:43:41","slug":"o-nas","status":"publish","type":"page","link":"https:\/\/gitarylutnicze.eu\/pl\/o-nas\/","title":{"rendered":"O Nas"},"content":{"rendered":"<div class=\"vc_row wpb_row vc_row-fluid vc_row-o-full-height vc_row-o-columns-middle vc_row-flex\"><div class=\"wpb_column vc_column_container vc_col-sm-8\"><div class=\"vc_column-inner\"><div class=\"wpb_wrapper\"><h1 style=\"font-size: 48px;text-align: left\" class=\"vc_custom_heading vc_custom_1613824023259 text-left\" >O Nas<\/h1>\n\t<div class=\"wpb_text_column wpb_content_element \" >\n\t\t<div class=\"wpb_wrapper\">\n\t\t\t<p style=\"font-weight: 600; color: #23232c;\">Szanowni Pa\u0144stwo,<br \/>\nsprzeda\u017c instrument\u00f3w i akcesori\u00f3w muzycznych to nie tylko moja praca ale przede wszystkim ogromna pasja.<\/p>\n<p>By m\u00f3c spe\u0142ni\u0107 nawet najbardziej wyg\u00f3rowane oczekiwania moich klientek i klient\u00f3w, wsp\u00f3lnie z moim przyjacielem uznanym gitarzyst\u0105 i profesorem niemieckich, austriackich i brytyjskich uczelni Tomaszem Zawieruch\u0105, zdecydowa\u0142em si\u0119 rozszerzy\u0107 moj\u0105 ofert\u0119 o ekskluzywne mistrzowskie instrumenty lutnicze. Na nowo wykreowanej stronie www.gitarylutnicze.eu znajdziecie Pa\u0144stwo nasz\u0105 aktualn\u0105 ofert\u0119.<\/p>\n<p>Je\u017celi szukacie Pa\u0144stwo gitary mistrzowskiej, zapraszam serdecznie do nawi\u0105zania kontaktu. Poza aktualn\u0105 ofert\u0105, mam wielu partner\u00f3w handlowych w\u015br\u00f3d lutnik\u00f3w europejskich i japo\u0144skich. Chcia\u0142bym zaprosi\u0107 serdecznie do wsp\u00f3\u0142pracy zainteresowanych profesor\u00f3w, wykonawc\u00f3w i lutnik\u00f3w gitarowych. Osoby szukaj\u0105ce mo\u017cliwo\u015bci sprzedania swojego instrumentu, mog\u0105 skorzysta\u0107 z naszego komisu na bardzo korzystnych warunkach.<\/p>\n\n\t\t<\/div>\n\t<\/div>\n<div class=\"sober-empty-space \" style=\"height: 30px\"><\/div><p style=\"font-size: 32px;color: #23232c;text-align: left;font-family:Montez;font-weight:400;font-style:normal\" class=\"vc_custom_heading vc_custom_1613823819558 text-left\" >Tomasz Brogowski<\/p><\/div><\/div><\/div><div class=\"wpb_column vc_column_container vc_col-sm-4\"><div class=\"vc_column-inner\"><div class=\"wpb_wrapper\"><\/div><\/div><\/div><\/div>\n","protected":false},"excerpt":{"rendered":"O Nas Szanowni Pa\u0144stwo, sprzeda\u017c instrument\u00f3w i akcesori\u00f3w muzycznych to nie tylko moja praca ale&hellip;","protected":false},"author":1,"featured_media":0,"parent":0,"menu_order":5,"comment_status":"closed","ping_status":"closed","template":"templates\/full-screen.php","meta":{"footnotes":""},"class_list":["post-2564","page","type-page","status-publish","hentry"],"yoast_head":"<!-- This site is optimized with the Yoast SEO plugin v15.9 - https:\/\/yoast.com\/wordpress\/plugins\/seo\/ -->\n<title>O Nas - Gitary Lutnicze, Lublin, instrumenty muzyczne<\/title>\n<meta name=\"description\" content=\"Gitary mistrzowskie, klasyczne, akustyczne, historyczne. Sprzedajemy instrumenty i akcesoria muzyczne w sklepie stacjonarnym w Lublinie.\" \/>\n<meta name=\"robots\" content=\"index, follow, max-snippet:-1, max-image-preview:large, max-video-preview:-1\" \/>\n<link rel=\"canonical\" href=\"https:\/\/gitarylutnicze.eu\/pl\/o-nas\/\" \/>\n<meta property=\"og:locale\" content=\"pl_PL\" \/>\n<meta property=\"og:type\" content=\"article\" \/>\n<meta property=\"og:title\" content=\"O Nas - Gitary Lutnicze, Lublin, instrumenty muzyczne\" \/>\n<meta property=\"og:description\" content=\"Gitary mistrzowskie, klasyczne, akustyczne, historyczne. Sprzedajemy instrumenty i akcesoria muzyczne w sklepie stacjonarnym w Lublinie.\" \/>\n<meta property=\"og:url\" content=\"https:\/\/gitarylutnicze.eu\/pl\/o-nas\/\" \/>\n<meta property=\"og:site_name\" content=\"Gitary Lutnicze, Lublin, instrumenty muzyczne\" \/>\n<meta property=\"article:publisher\" content=\"https:\/\/www.facebook.com\/SklepMuzycznyQuena\/\" \/>\n<meta property=\"article:modified_time\" content=\"2021-02-23T19:43:41+00:00\" \/>\n<meta property=\"og:image\" content=\"https:\/\/gitarylutnicze.eu\/wp-content\/uploads\/2021\/02\/fbimage.png\" \/>\n\t<meta property=\"og:image:width\" content=\"1200\" \/>\n\t<meta property=\"og:image:height\" content=\"627\" \/>\n<meta name=\"twitter:card\" content=\"summary_large_image\" \/>\n<meta name=\"twitter:label1\" content=\"Est. reading time\">\n\t<meta name=\"twitter:data1\" content=\"1 minuta\">\n<script type=\"application\/ld+json\" class=\"yoast-schema-graph\">{\"@context\":\"https:\/\/schema.org\",\"@graph\":[{\"@type\":\"WebSite\",\"@id\":\"https:\/\/gitarylutnicze.eu\/pl\/#website\",\"url\":\"https:\/\/gitarylutnicze.eu\/pl\/\",\"name\":\"Gitary Lutnicze, Lublin, instrumenty muzyczne\",\"description\":\"Gitary mistrzowskie, klasyczne, akustyczne, historyczne. Sprzedajemy instrumenty i akcesoria muzyczne w sklepie stacjonarnym w Lublinie.\",\"potentialAction\":[{\"@type\":\"SearchAction\",\"target\":\"https:\/\/gitarylutnicze.eu\/pl\/?s={search_term_string}\",\"query-input\":\"required name=search_term_string\"}],\"inLanguage\":\"pl-PL\"},{\"@type\":\"WebPage\",\"@id\":\"https:\/\/gitarylutnicze.eu\/pl\/o-nas\/#webpage\",\"url\":\"https:\/\/gitarylutnicze.eu\/pl\/o-nas\/\",\"name\":\"O Nas - Gitary Lutnicze, Lublin, instrumenty muzyczne\",\"isPartOf\":{\"@id\":\"https:\/\/gitarylutnicze.eu\/pl\/#website\"},\"datePublished\":\"2020-05-20T05:44:17+00:00\",\"dateModified\":\"2021-02-23T19:43:41+00:00\",\"description\":\"Gitary mistrzowskie, klasyczne, akustyczne, historyczne. Sprzedajemy instrumenty i akcesoria muzyczne w sklepie stacjonarnym w Lublinie.\",\"breadcrumb\":{\"@id\":\"https:\/\/gitarylutnicze.eu\/pl\/o-nas\/#breadcrumb\"},\"inLanguage\":\"pl-PL\",\"potentialAction\":[{\"@type\":\"ReadAction\",\"target\":[\"https:\/\/gitarylutnicze.eu\/pl\/o-nas\/\"]}]},{\"@type\":\"BreadcrumbList\",\"@id\":\"https:\/\/gitarylutnicze.eu\/pl\/o-nas\/#breadcrumb\",\"itemListElement\":[{\"@type\":\"ListItem\",\"position\":1,\"item\":{\"@type\":\"WebPage\",\"@id\":\"https:\/\/gitarylutnicze.eu\/pl\/\",\"url\":\"https:\/\/gitarylutnicze.eu\/pl\/\",\"name\":\"Strona g\\u0142\\u00f3wna\"}},{\"@type\":\"ListItem\",\"position\":2,\"item\":{\"@type\":\"WebPage\",\"@id\":\"https:\/\/gitarylutnicze.eu\/pl\/o-nas\/\",\"url\":\"https:\/\/gitarylutnicze.eu\/pl\/o-nas\/\",\"name\":\"O Nas\"}}]}]}<\/script>\n<!-- \/ Yoast SEO plugin. -->","_links":{"self":[{"href":"https:\/\/gitarylutnicze.eu\/pl\/wp-json\/wp\/v2\/pages\/2564","targetHints":{"allow":["GET"]}}],"collection":[{"href":"https:\/\/gitarylutnicze.eu\/pl\/wp-json\/wp\/v2\/pages"}],"about":[{"href":"https:\/\/gitarylutnicze.eu\/pl\/wp-json\/wp\/v2\/types\/page"}],"author":[{"embeddable":true,"href":"https:\/\/gitarylutnicze.eu\/pl\/wp-json\/wp\/v2\/users\/1"}],"replies":[{"embeddable":true,"href":"https:\/\/gitarylutnicze.eu\/pl\/wp-json\/wp\/v2\/comments?post=2564"}],"version-history":[{"count":13,"href":"https:\/\/gitarylutnicze.eu\/pl\/wp-json\/wp\/v2\/pages\/2564\/revisions"}],"predecessor-version":[{"id":2908,"href":"https:\/\/gitarylutnicze.eu\/pl\/wp-json\/wp\/v2\/pages\/2564\/revisions\/2908"}],"wp:attachment":[{"href":"https:\/\/gitarylutnicze.eu\/pl\/wp-json\/wp\/v2\/media?parent=2564"}],"curies":[{"name":"wp","href":"https:\/\/api.w.org\/{rel}","templated":true}]}}