{"id":3,"date":"2021-02-11T20:53:49","date_gmt":"2021-02-11T19:53:49","guid":{"rendered":"https:\/\/gitarylutnicze.eu\/?page_id=3"},"modified":"2021-02-23T20:42:49","modified_gmt":"2021-02-23T19:42:49","slug":"polityka-prywatnosci","status":"publish","type":"page","link":"https:\/\/gitarylutnicze.eu\/en\/polityka-prywatnosci\/","title":{"rendered":"Privacy Policy"},"content":{"rendered":"<div class=\"vc_row wpb_row vc_row-fluid\"><div class=\"wpb_column vc_column_container vc_col-sm-12\"><div class=\"vc_column-inner\"><div class=\"wpb_wrapper\">\n\t<div class=\"wpb_text_column wpb_content_element\" >\n\t\t<div class=\"wpb_wrapper\">\n\t\t\t<p>Niniejsza polityka prywatno\u015bci oraz plik\u00f3w cookies przedstawia zasady post\u0119powania z danymi osobowymi oraz wykorzystywania plik\u00f3w cookies w ramach strony internetowej <a href=\"https:\/\/gitarylutnicze.eu\/en\/\">gitarylutnicze.eu<\/a>.<\/p>\n<h2>Privacy Policy<\/h2>\n<ol>\n<li>Administratorem Pani\/Pana danych osobowych jest <strong>-STRUNA- Tomasz Brogowski z siedzib\u0105: Kozubszczyzna 37H, 21-030 Motycz, NIP: 712-262-09-60<\/strong>. Kontakt z administratorem mo\u017cliwy jest pod adresem e-mail: <a href=\"mailto:biuro@quena.pl\">biuro@quena.pl<\/a> lub pisemnie na adres siedziby administratora.<\/li>\n<li>Pani\/Pana dane osobowe przetwarzane b\u0119d\u0105 w celu <strong>udzielenia odpowiedzi na zapytanie przes\u0142ane w formularzu kontaktowym, czyli m.in. w celu przedstawienia oferty<\/strong>.<\/li>\n<li>Pani\/Pana dane osobowe nie b\u0119d\u0105 przekazywane do pa\u0144stwa trzeciego (USA) na podstawie decyzji Komisji Europejskiej stwierdzaj\u0105cej odpowiedni stopie\u0144 ochrony (decyzja z dnia 12 lipca 2016 roku wdra\u017caj\u0105ca umow\u0119 Privacy Shield).<\/li>\n<li>Pana\/Pani dane osobowe b\u0119d\u0105 przechowywane do momentu <strong>wycofania przez Pani\u0105\/Pana zgody na przetwarzanie danych<\/strong>.<\/li>\n<li>W zwi\u0105zku z przetwarzaniem Pani\/Pan danych osobowych, przys\u0142uguj\u0105 Pani\/Panu nast\u0119puj\u0105ce prawa:\n<ul>\n<li>prawo do dost\u0119pu do tre\u015bci swoich danych, ich sprostowania, usuni\u0119cia lub ograniczenia ich przetwarzania,<\/li>\n<li>prawo do przenoszenia danych,<\/li>\n<li>prawo wniesienia sprzeciwu wobec przetwarzania,<\/li>\n<li>prawo do cofni\u0119cia zgody w dowolnym momencie bez wp\u0142ywu na zgodno\u015b\u0107 z prawem przetwarzania, kt\u00f3rego dokonano na podstawie zgody przed jej cofni\u0119ciem;<\/li>\n<\/ul>\n<\/li>\n<li>Ma Pan\/Pani prawo wniesienia skargi do Urz\u0119du Ochrony Danych Osobowych, gdy uzna Pani\/Pan, i\u017c przetwarzanie danych osobowych Pani\/Pana dotycz\u0105cych narusza przepisy RODO.<\/li>\n<li>Podanie przez Pana\/Pani\u0105 danych osobowych jest warunkiem umownym<\/li>\n<li>Pani\/Pana dane b\u0119d\u0105 nie b\u0119d\u0105 przetwarzane w spos\u00f3b zautomatyzowany w tym r\u00f3wnie\u017c w formie profilowania.<\/li>\n<li>Ochrona danych osobowych odbywa si\u0119 zgodnie z postanowieniami Rozporz\u0105dzenia Og\u00f3lnego o Ochronie Danych Osobowych (RODO).<\/li>\n<li>Przechowywanie danych osobowych ma miejsce na zabezpieczonych serwerach, u\u017cywany jest m.in. bezpieczny protok\u00f3\u0142 szyfrowania komunikacji (SSL) oraz nie s\u0105 udost\u0119pniane jakimkolwiek podmiotom trzecim.<\/li>\n<\/ol>\n<h2>Pliki cookies<\/h2>\n<ol>\n<li>Serwis nie zbiera w spos\u00f3b automatyczny \u017cadnych informacji, z wyj\u0105tkiem informacji zawartych w plikach cookies.<\/li>\n<li>Pliki cookies (tzw. \u201eciasteczka\u201d) stanowi\u0105 dane informatyczne, w szczeg\u00f3lno\u015bci pliki tekstowe, kt\u00f3re przechowywane s\u0105 w urz\u0105dzeniu ko\u0144cowym U\u017cytkownika Serwisu i przeznaczone s\u0105 do korzystania ze stron internetowych Serwisu. Cookies zazwyczaj zawieraj\u0105 nazw\u0119 strony internetowej, z kt\u00f3rej pochodz\u0105, czas przechowywania ich na urz\u0105dzeniu ko\u0144cowym oraz unikalny numer.<\/li>\n<li>Podmiotem zamieszczaj\u0105cym na urz\u0105dzeniu ko\u0144cowym U\u017cytkownika Serwisu pliki cookies oraz uzyskuj\u0105cym do nich dost\u0119p jest operator Serwisu <strong>-STRUNA- Tomasz Brogowski z siedzib\u0105: Kozubszczyzna 37H, 21-030 Motycz, NIP<\/strong>.<\/li>\n<li>Pliki cookies wykorzystywane s\u0105 w celu:\n<ol type=\"a\">\n<li>dostosowania zawarto\u015bci stron internetowych Serwisu do preferencji U\u017cytkownika oraz optymalizacji korzystania ze stron internetowych; w szczeg\u00f3lno\u015bci pliki te pozwalaj\u0105 rozpozna\u0107 urz\u0105dzenie U\u017cytkownika Serwisu i odpowiednio wy\u015bwietli\u0107 stron\u0119 internetow\u0105, dostosowan\u0105 do jego indywidualnych potrzeb;<\/li>\n<li>tworzenia statystyk, kt\u00f3re pomagaj\u0105 zrozumie\u0107, w jaki spos\u00f3b U\u017cytkownicy Serwisu korzystaj\u0105 ze stron internetowych, co umo\u017cliwia ulepszanie ich struktury i zawarto\u015bci;<\/li>\n<\/ol>\n<\/li>\n<li>W ramach Serwisu stosowane s\u0105 \u201esta\u0142e\u201d pliki cookies (<em>persistent cookies<\/em>). \u201eSta\u0142e\u201d pliki cookies przechowywane s\u0105 w urz\u0105dzeniu ko\u0144cowym U\u017cytkownika przez czas okre\u015blony w parametrach plik\u00f3w cookies lub do czasu ich usuni\u0119cia przez U\u017cytkownika.<\/li>\n<li>W wielu przypadkach oprogramowanie s\u0142u\u017c\u0105ce do przegl\u0105dania stron internetowych (przegl\u0105darka internetowa) domy\u015blnie dopuszcza przechowywanie plik\u00f3w cookies w urz\u0105dzeniu ko\u0144cowym U\u017cytkownika. U\u017cytkownicy Serwisu mog\u0105 dokona\u0107 w ka\u017cdym czasie zmiany ustawie\u0144 dotycz\u0105cych plik\u00f3w cookies. Ustawienia te mog\u0105 zosta\u0107 zmienione w szczeg\u00f3lno\u015bci w taki spos\u00f3b, aby blokowa\u0107 automatyczn\u0105 obs\u0142ug\u0119 plik\u00f3w cookies w ustawieniach przegl\u0105darki internetowej b\u0105d\u017a informowa\u0107 o ich ka\u017cdorazowym zamieszczeniu w urz\u0105dzeniu U\u017cytkownika Serwisu. Szczeg\u00f3\u0142owe informacje o mo\u017cliwo\u015bci i sposobach obs\u0142ugi plik\u00f3w cookies dost\u0119pne s\u0105 w ustawieniach oprogramowania (przegl\u0105darki internetowej).<\/li>\n<li>Operator Serwisu informuje, \u017ce ograniczenia stosowania plik\u00f3w cookies mog\u0105 wp\u0142yn\u0105\u0107 na niekt\u00f3re funkcjonalno\u015bci dost\u0119pne na stronach internetowych Serwisu.<\/li>\n<li>Pliki cookies zamieszczane w urz\u0105dzeniu ko\u0144cowym U\u017cytkownika Serwisu i wykorzystywane mog\u0105 by\u0107 r\u00f3wnie\u017c przez wsp\u00f3\u0142pracuj\u0105cych z operatorem Serwisu reklamodawc\u00f3w oraz partner\u00f3w.<\/li>\n<li>Mo\u017cesz w ka\u017cdej chwili wy\u0142\u0105czy\u0107 akceptowanie ciastek w przegl\u0105darce, w tym celu odwied\u017a jej opcje konfiguracyjne i wy\u0142\u0105cz obs\u0142ug\u0119 cookies (instrukcj\u0119 wy\u0142\u0105czania cookies znajdziesz <a href=\"https:\/\/poczta.onet.pl\/pomoc\/28\/usuwanie-cookies-i-czyszczenie-pamieci-podrecznej-przegladar.html\" target=\"_blank\" rel=\"noopener\">TUTAJ<\/a>). Miej jednak na uwadze, \u017ce po tej operacji witryna mo\u017ce nie dzia\u0142a\u0107 prawid\u0142owo.<\/li>\n<li>Wi\u0119cej informacji na temat plik\u00f3w cookies dost\u0119pnych jest pod adresem <a href=\"http:\/\/wszystkoociasteczkach.pl\/\" target=\"_blank\" rel=\"noopener\">wszystkoociasteczkach.pl<\/a> lub \u201ePomoc\u201d w menu przegl\u0105darki internetowej.<\/li>\n<\/ol>\n<p>Powy\u017cszy wz\u00f3r polityki cookies pochodzi ze strony <a href=\"http:\/\/wszystkoociasteczkach.pl\/\" target=\"_blank\" rel=\"noopener\">wszystkoociasteczkach.pl<\/a> i chroniony jest prawem autorskim, kt\u00f3re przys\u0142uguj\u0105 IAB Polska.<\/p>\n\n\t\t<\/div>\n\t<\/div>\n<\/div><\/div><\/div><\/div>","protected":false},"excerpt":{"rendered":"Niniejsza polityka prywatno\u015bci oraz plik\u00f3w cookies przedstawia zasady post\u0119powania z danymi osobowymi oraz wykorzystywania plik\u00f3w&hellip;","protected":false},"author":1,"featured_media":0,"parent":0,"menu_order":7,"comment_status":"closed","ping_status":"closed","template":"","meta":{"footnotes":""},"class_list":["post-3","page","type-page","status-publish","hentry"],"yoast_head":"<!-- This site is optimized with the Yoast SEO plugin v15.9 - https:\/\/yoast.com\/wordpress\/plugins\/seo\/ -->\n<title>Polityka Prywatno\u015bci - Gitary Lutnicze, Lublin, instrumenty muzyczne<\/title>\n<meta name=\"description\" content=\"Gitary mistrzowskie, klasyczne, akustyczne, historyczne. Sprzedajemy instrumenty i akcesoria muzyczne w sklepie stacjonarnym w Lublinie.\" \/>\n<meta name=\"robots\" content=\"index, follow, max-snippet:-1, max-image-preview:large, max-video-preview:-1\" \/>\n<link rel=\"canonical\" href=\"https:\/\/gitarylutnicze.eu\/en\/polityka-prywatnosci\/\" \/>\n<meta property=\"og:locale\" content=\"en_GB\" \/>\n<meta property=\"og:type\" content=\"article\" \/>\n<meta property=\"og:title\" content=\"Polityka Prywatno\u015bci - Gitary Lutnicze, Lublin, instrumenty muzyczne\" \/>\n<meta property=\"og:description\" content=\"Gitary mistrzowskie, klasyczne, akustyczne, historyczne. Sprzedajemy instrumenty i akcesoria muzyczne w sklepie stacjonarnym w Lublinie.\" \/>\n<meta property=\"og:url\" content=\"https:\/\/gitarylutnicze.eu\/en\/polityka-prywatnosci\/\" \/>\n<meta property=\"og:site_name\" content=\"Gitary Lutnicze, Lublin, instrumenty muzyczne\" \/>\n<meta property=\"article:publisher\" content=\"https:\/\/www.facebook.com\/SklepMuzycznyQuena\/\" \/>\n<meta property=\"article:modified_time\" content=\"2021-02-23T19:42:49+00:00\" \/>\n<meta property=\"og:image\" content=\"https:\/\/gitarylutnicze.eu\/wp-content\/uploads\/2021\/02\/fbimage.png\" \/>\n\t<meta property=\"og:image:width\" content=\"1200\" \/>\n\t<meta property=\"og:image:height\" content=\"627\" \/>\n<meta name=\"twitter:card\" content=\"summary_large_image\" \/>\n<meta name=\"twitter:label1\" content=\"Estimated reading time\">\n\t<meta name=\"twitter:data1\" content=\"4 minutes\">\n<script type=\"application\/ld+json\" class=\"yoast-schema-graph\">{\"@context\":\"https:\/\/schema.org\",\"@graph\":[{\"@type\":\"WebSite\",\"@id\":\"https:\/\/gitarylutnicze.eu\/en\/#website\",\"url\":\"https:\/\/gitarylutnicze.eu\/en\/\",\"name\":\"Gitary Lutnicze, Lublin, instrumenty muzyczne\",\"description\":\"Gitary mistrzowskie, klasyczne, akustyczne, historyczne. Sprzedajemy instrumenty i akcesoria muzyczne w sklepie stacjonarnym w Lublinie.\",\"potentialAction\":[{\"@type\":\"SearchAction\",\"target\":\"https:\/\/gitarylutnicze.eu\/en\/?s={search_term_string}\",\"query-input\":\"required name=search_term_string\"}],\"inLanguage\":\"en-GB\"},{\"@type\":\"WebPage\",\"@id\":\"https:\/\/gitarylutnicze.eu\/en\/polityka-prywatnosci\/#webpage\",\"url\":\"https:\/\/gitarylutnicze.eu\/en\/polityka-prywatnosci\/\",\"name\":\"Polityka Prywatno\\u015bci - Gitary Lutnicze, Lublin, instrumenty muzyczne\",\"isPartOf\":{\"@id\":\"https:\/\/gitarylutnicze.eu\/en\/#website\"},\"datePublished\":\"2021-02-11T19:53:49+00:00\",\"dateModified\":\"2021-02-23T19:42:49+00:00\",\"description\":\"Gitary mistrzowskie, klasyczne, akustyczne, historyczne. Sprzedajemy instrumenty i akcesoria muzyczne w sklepie stacjonarnym w Lublinie.\",\"breadcrumb\":{\"@id\":\"https:\/\/gitarylutnicze.eu\/en\/polityka-prywatnosci\/#breadcrumb\"},\"inLanguage\":\"en-GB\",\"potentialAction\":[{\"@type\":\"ReadAction\",\"target\":[\"https:\/\/gitarylutnicze.eu\/en\/polityka-prywatnosci\/\"]}]},{\"@type\":\"BreadcrumbList\",\"@id\":\"https:\/\/gitarylutnicze.eu\/en\/polityka-prywatnosci\/#breadcrumb\",\"itemListElement\":[{\"@type\":\"ListItem\",\"position\":1,\"item\":{\"@type\":\"WebPage\",\"@id\":\"https:\/\/gitarylutnicze.eu\/en\/\",\"url\":\"https:\/\/gitarylutnicze.eu\/en\/\",\"name\":\"Strona g\\u0142\\u00f3wna\"}},{\"@type\":\"ListItem\",\"position\":2,\"item\":{\"@type\":\"WebPage\",\"@id\":\"https:\/\/gitarylutnicze.eu\/en\/polityka-prywatnosci\/\",\"url\":\"https:\/\/gitarylutnicze.eu\/en\/polityka-prywatnosci\/\",\"name\":\"Polityka Prywatno\\u015bci\"}}]}]}<\/script>\n<!-- \/ Yoast SEO plugin. -->","_links":{"self":[{"href":"https:\/\/gitarylutnicze.eu\/en\/wp-json\/wp\/v2\/pages\/3","targetHints":{"allow":["GET"]}}],"collection":[{"href":"https:\/\/gitarylutnicze.eu\/en\/wp-json\/wp\/v2\/pages"}],"about":[{"href":"https:\/\/gitarylutnicze.eu\/en\/wp-json\/wp\/v2\/types\/page"}],"author":[{"embeddable":true,"href":"https:\/\/gitarylutnicze.eu\/en\/wp-json\/wp\/v2\/users\/1"}],"replies":[{"embeddable":true,"href":"https:\/\/gitarylutnicze.eu\/en\/wp-json\/wp\/v2\/comments?post=3"}],"version-history":[{"count":5,"href":"https:\/\/gitarylutnicze.eu\/en\/wp-json\/wp\/v2\/pages\/3\/revisions"}],"predecessor-version":[{"id":2661,"href":"https:\/\/gitarylutnicze.eu\/en\/wp-json\/wp\/v2\/pages\/3\/revisions\/2661"}],"wp:attachment":[{"href":"https:\/\/gitarylutnicze.eu\/en\/wp-json\/wp\/v2\/media?parent=3"}],"curies":[{"name":"wp","href":"https:\/\/api.w.org\/{rel}","templated":true}]}}